{"id":13,"date":"2015-02-25T00:05:02","date_gmt":"2015-02-25T00:05:02","guid":{"rendered":"http:\/\/localhost\/?page_id=13"},"modified":"2023-02-21T21:21:17","modified_gmt":"2023-02-21T21:21:17","slug":"contact","status":"publish","type":"page","link":"https:\/\/lumen.ae\/?page_id=13","title":{"rendered":"Contact"},"content":{"rendered":"<h4><span style=\"color: #40b6e7;\"><strong>United Arab Emirates<\/strong><\/span><\/h4>\n<p><strong>Lumen General Trading LLC. (DED 627564)<\/strong><br \/>\nThe Galleries 1, Downtown Jebel Ali<br \/>\nP.O.Box: 18 23 81<br \/>\nDubai, United Arab Emirates<br \/>\nPhone: +971 50 772 19 27<br \/>\nE-mail: projects@lumen.ae<\/p>\n<h4><span style=\"color: #40b6e7;\"><strong>Czech Republic<\/strong><\/span><\/h4>\n<table>\n<tbody>\n<tr>\n<td><strong>Office:<\/strong><br \/>\nSokolsk\u00e1 643,<br \/>\nKamenick\u00fd \u0160enov 471 14<br \/>\nCzech Republic<br \/>\nMobile: + 420 774 437 535<br \/>\nE-mail: info@artinit.cz<\/td>\n<td><b>Manufactory:<\/b><br \/>\nPr\u00e1che\u0148 178<br \/>\nKamenick\u00fd \u0160enov 471 14<br \/>\nCzech Republic<\/td>\n<\/tr>\n<\/tbody>\n<\/table>\n","protected":false},"excerpt":{"rendered":"<p>United Arab Emirates Lumen General Trading LLC. (DED 627564) The Galleries 1, Downtown Jebel Ali P.O.Box: 18 23 81 Dubai, United Arab Emirates Phone: +971 50 772 19 27 E-mail: projects@lumen.ae Czech Republic Office: Sokolsk\u00e1 643, Kamenick\u00fd \u0160enov 471 14 Czech Republic Mobile: + 420 774 437 535 E-mail: info@artinit.cz Manufactory: Pr\u00e1che\u0148 178 Kamenick\u00fd \u0160enov [&hellip;]<\/p>\n","protected":false},"author":1,"featured_media":0,"parent":0,"menu_order":0,"comment_status":"open","ping_status":"open","template":"","meta":{"_acf_changed":false,"footnotes":""},"acf":[],"_links":{"self":[{"href":"https:\/\/lumen.ae\/index.php?rest_route=\/wp\/v2\/pages\/13"}],"collection":[{"href":"https:\/\/lumen.ae\/index.php?rest_route=\/wp\/v2\/pages"}],"about":[{"href":"https:\/\/lumen.ae\/index.php?rest_route=\/wp\/v2\/types\/page"}],"author":[{"embeddable":true,"href":"https:\/\/lumen.ae\/index.php?rest_route=\/wp\/v2\/users\/1"}],"replies":[{"embeddable":true,"href":"https:\/\/lumen.ae\/index.php?rest_route=%2Fwp%2Fv2%2Fcomments&post=13"}],"version-history":[{"count":28,"href":"https:\/\/lumen.ae\/index.php?rest_route=\/wp\/v2\/pages\/13\/revisions"}],"predecessor-version":[{"id":275,"href":"https:\/\/lumen.ae\/index.php?rest_route=\/wp\/v2\/pages\/13\/revisions\/275"}],"wp:attachment":[{"href":"https:\/\/lumen.ae\/index.php?rest_route=%2Fwp%2Fv2%2Fmedia&parent=13"}],"curies":[{"name":"wp","href":"https:\/\/api.w.org\/{rel}","templated":true}]}}